{"id":4721,"date":"2025-11-28T00:52:15","date_gmt":"2025-11-27T21:52:15","guid":{"rendered":"http:\/\/www.sukruoguzsigorta.com\/?page_id=4721"},"modified":"2025-11-28T00:57:14","modified_gmt":"2025-11-27T21:57:14","slug":"kurumsal-risk-yonetimi","status":"publish","type":"page","link":"https:\/\/www.sukruoguzsigorta.com\/index.php\/kurumsal-risk-yonetimi\/","title":{"rendered":"Kurumsal Risk Y\u00f6netimi"},"content":{"rendered":"\t\t<div data-elementor-type=\"wp-page\" data-elementor-id=\"4721\" class=\"elementor elementor-4721\" data-elementor-post-type=\"page\">\n\t\t\t\t<div class=\"elementor-element elementor-element-9cff26f e-flex e-con-boxed e-con e-parent\" data-id=\"9cff26f\" data-element_type=\"container\" data-e-type=\"container\">\n\t\t\t\t\t<div class=\"e-con-inner\">\n\t\t\t\t\t<\/div>\n\t\t\t\t<\/div>\n\t\t<div class=\"elementor-element elementor-element-5f771b98 e-flex e-con-boxed e-con e-parent\" data-id=\"5f771b98\" data-element_type=\"container\" data-e-type=\"container\">\n\t\t\t\t\t<div class=\"e-con-inner\">\n\t\t\t\t<div class=\"elementor-element elementor-element-4a4d7c8e elementor-widget elementor-widget-theme-post-title elementor-page-title elementor-widget-heading\" data-id=\"4a4d7c8e\" data-element_type=\"widget\" data-e-type=\"widget\" data-widget_type=\"theme-post-title.default\">\n\t\t\t\t\t<h1 class=\"elementor-heading-title elementor-size-default\">Kurumsal Risk Y\u00f6netimi<\/h1>\t\t\t\t<\/div>\n\t\t\t\t<div class=\"elementor-element elementor-element-37e8357 elementor-widget__width-initial elementor-widget elementor-widget-image\" data-id=\"37e8357\" data-element_type=\"widget\" data-e-type=\"widget\" data-widget_type=\"image.default\">\n\t\t\t\t\t\t\t\t\t\t\t\t\t\t\t<img fetchpriority=\"high\" decoding=\"async\" width=\"740\" height=\"380\" src=\"https:\/\/www.sukruoguzsigorta.com\/wp-content\/uploads\/2025\/11\/premium-sigorta.png\" class=\"attachment-1536x1536 size-1536x1536 wp-image-4727\" alt=\"\" srcset=\"https:\/\/www.sukruoguzsigorta.com\/wp-content\/uploads\/2025\/11\/premium-sigorta.png 740w, https:\/\/www.sukruoguzsigorta.com\/wp-content\/uploads\/2025\/11\/premium-sigorta-300x154.png 300w\" sizes=\"(max-width: 740px) 100vw, 740px\" \/>\t\t\t\t\t\t\t\t\t\t\t\t\t\t\t<\/div>\n\t\t\t\t<div class=\"elementor-element elementor-element-599de1b elementor-widget elementor-widget-text-editor\" data-id=\"599de1b\" data-element_type=\"widget\" data-e-type=\"widget\" data-widget_type=\"text-editor.default\">\n\t\t\t\t\t\t\t\t\t<p><strong>Kurumsal risk y\u00f6netimi;<\/strong><\/p><p>Risk y\u00f6netimi, bir i\u015fletmenin mevcut olan ya da ileride olabilecek olan t\u00fcm risklerini g\u00f6zden ge\u00e7irmek ve \u00f6ncelik ile bunlar\u0131 bir rapor haline olu\u015fturmakt\u0131r.<\/p><p>Risklerin bir k\u0131sm\u0131 mevcut \u00f6nlemler al\u0131narak d\u00fczeltilebilir ya da firma taraf\u0131ndan ta\u015f\u0131nabilirken ,baz\u0131 risklerin sigorta poli\u00e7esi ile devrinin\u00a0 sa\u011flanmas\u0131 gerekmektedir.<\/p><p>Kurumsal Risk Y\u00f6netimi; Ta\u015f\u0131yamayacak\u00a0risklerin,\u00a0sigorta teminatlar\u0131 vas\u0131tas\u0131yla transfer edilmesidir. Riskleri ortadan kald\u0131rmaya, azaltmaya y\u00f6nelik olarak yap\u0131lan \u00e7al\u0131\u015fmalar\u0131n toplam\u0131d\u0131r.<\/p><p>Bir kurulu\u015fu bekleyen \u00e7e\u015fitli riskler vard\u0131r. Bunlar h\u0131rs\u0131zl\u0131k, yang\u0131n, kaza\u00a0olabilir. Ama en b\u00fcy\u00fck risk, herhangi bir riske sahip olmad\u0131\u011f\u0131n\u0131z\u0131\u00a0d\u00fc\u015f\u00fcnmektir.<\/p><p><strong>Risk y\u00f6netim ad\u0131mlar\u0131;<\/strong><\/p><p>Birinci ad\u0131m;Tesisiniz ,\u00a0faaliyetleriniz, \u00e7al\u0131\u015fma, hizmet ve \u00fcretim sisteminiz hakk\u0131nda bilgi edinerek i\u015fyerinizin sigorta a\u00e7\u0131s\u0131ndan profili\u00a0tespit edilir.Bu durumda firman\u0131z da bir ekspertiz \u00e7al\u0131\u015fmas\u0131 yap\u0131l\u0131r.<\/p><p>\u0130kinci ad\u0131m; her i\u015fin ve i\u015fletmenin yap\u0131s\u0131na g\u00f6re farkl\u0131 riskler vard\u0131r. \u0130\u015finize ve sekt\u00f6r\u00fcn\u00fcze \u00f6zg\u00fc riskleri belirleyerek i\u015fletmenize \u00f6zel risk raporu olu\u015fturulur. Temel nitelikteki bu raporun i\u00e7eri\u011finde k\u0131saca risklerin \u00e7er\u00e7evesi \u00e7izilir. Burada sunulan \u00f6neri mektubu ile riskin belli boyutlar\u0131n\u0131n azalt\u0131lmas\u0131 sa\u011flan\u0131r.<\/p><p>\u00dc\u00e7\u00fcnc\u00fc ad\u0131m; i\u015fletmenizin ve faaliyetlerinizin maddi ve bedeni olarak verebilece\u011fi zararlar ve bu zararlar kar\u015f\u0131s\u0131ndaki sorumlulu\u011funuz tespit edilir. Bu kapsama \u00e7al\u0131\u015fanlar\u0131n\u0131z, 3.\u015fah\u0131slar, m\u00fc\u015fterileriniz, tedarik\u00e7ileriniz, kom\u015fular\u0131n\u0131z ve \u00e7evreniz dahildir.<\/p><p>D\u00f6rd\u00fcnc\u00fc ad\u0131m; varsa ka\u00e7\u0131n\u0131lamaz riskleriniz i\u00e7in alman\u0131z gereken \u00f6nlemler belirlenir, bertaraf edilebilecek riskler i\u00e7in de sigorta teminatlar\u0131 belirlenir. Ard\u0131ndan farkl\u0131 sigorta firmalar\u0131ndan alternatif tekliflerimiz haz\u0131rlan\u0131r.<\/p><p>Be\u015finci ad\u0131m; mevcut sigorta \u015firketlerimizden teklifler haz\u0131rlan\u0131r ve \u00a0\u00fczerindeki t\u00fcm detaylar m\u00fc\u015fterilerimiz ile payla\u015f\u0131l\u0131r. ve mutabakat halinde en uygun fiyatl\u0131 ve en geni\u015f teminatl\u0131 sigorta poli\u00e7eleri olu\u015fturulur.<\/p>\t\t\t\t\t\t\t\t<\/div>\n\t\t\t\t<div class=\"elementor-element elementor-element-3823ec41 elementor-widget elementor-widget-heading\" data-id=\"3823ec41\" data-element_type=\"widget\" data-e-type=\"widget\" data-widget_type=\"heading.default\">\n\t\t\t\t\t<span class=\"elementor-heading-title elementor-size-default\">Share the Post:<\/span>\t\t\t\t<\/div>\n\t\t\t\t<div class=\"elementor-element elementor-element-2ec28eac elementor-share-buttons--view-icon elementor-share-buttons--skin-minimal elementor-share-buttons--color-custom elementor-widget__width-inherit elementor-share-buttons--shape-square elementor-grid-0 elementor-widget elementor-widget-share-buttons\" data-id=\"2ec28eac\" data-element_type=\"widget\" data-e-type=\"widget\" data-widget_type=\"share-buttons.default\">\n\t\t\t\t\t\t\t<div class=\"elementor-grid\" role=\"list\">\n\t\t\t\t\t\t\t\t<div class=\"elementor-grid-item\" role=\"listitem\">\n\t\t\t\t\t\t<div class=\"elementor-share-btn elementor-share-btn_facebook\" role=\"button\" tabindex=\"0\" aria-label=\"Share on facebook\">\n\t\t\t\t\t\t\t\t\t\t\t\t\t\t\t<span class=\"elementor-share-btn__icon\">\n\t\t\t\t\t\t\t\t<i class=\"fab fa-facebook\" aria-hidden=\"true\"><\/i>\t\t\t\t\t\t\t<\/span>\n\t\t\t\t\t\t\t\t\t\t\t\t\t\t\t\t\t\t\t\t<\/div>\n\t\t\t\t\t<\/div>\n\t\t\t\t\t\t\t\t\t<div class=\"elementor-grid-item\" role=\"listitem\">\n\t\t\t\t\t\t<div class=\"elementor-share-btn elementor-share-btn_twitter\" role=\"button\" tabindex=\"0\" aria-label=\"Share on twitter\">\n\t\t\t\t\t\t\t\t\t\t\t\t\t\t\t<span class=\"elementor-share-btn__icon\">\n\t\t\t\t\t\t\t\t<i class=\"fab fa-twitter\" aria-hidden=\"true\"><\/i>\t\t\t\t\t\t\t<\/span>\n\t\t\t\t\t\t\t\t\t\t\t\t\t\t\t\t\t\t\t\t<\/div>\n\t\t\t\t\t<\/div>\n\t\t\t\t\t\t\t\t\t<div class=\"elementor-grid-item\" role=\"listitem\">\n\t\t\t\t\t\t<div class=\"elementor-share-btn elementor-share-btn_linkedin\" role=\"button\" tabindex=\"0\" aria-label=\"Share on linkedin\">\n\t\t\t\t\t\t\t\t\t\t\t\t\t\t\t<span class=\"elementor-share-btn__icon\">\n\t\t\t\t\t\t\t\t<i class=\"fab fa-linkedin\" aria-hidden=\"true\"><\/i>\t\t\t\t\t\t\t<\/span>\n\t\t\t\t\t\t\t\t\t\t\t\t\t\t\t\t\t\t\t\t<\/div>\n\t\t\t\t\t<\/div>\n\t\t\t\t\t\t<\/div>\n\t\t\t\t\t\t<\/div>\n\t\t\t\t<div class=\"elementor-element elementor-element-54a0f37e elementor-widget elementor-widget-post-navigation\" data-id=\"54a0f37e\" data-element_type=\"widget\" data-e-type=\"widget\" data-widget_type=\"post-navigation.default\">\n\t\t\t\t\t\t\t<div class=\"elementor-post-navigation\" role=\"navigation\" aria-label=\"Post Navigation\">\n\t\t\t<div class=\"elementor-post-navigation__prev elementor-post-navigation__link\">\n\t\t\t\t<a href=\"https:\/\/www.sukruoguzsigorta.com\/index.php\/musteri-memnuniyet-politikamiz\/\" rel=\"prev\"><span class=\"post-navigation__arrow-wrapper post-navigation__arrow-prev\"><i aria-hidden=\"true\" class=\"fas fa-angle-left\"><\/i><span class=\"elementor-screen-only\">Prev<\/span><\/span><span class=\"elementor-post-navigation__link__prev\"><span class=\"post-navigation__prev--label\">Previous<\/span><span class=\"post-navigation__prev--title\">M\u00fc\u015fteri Memnuniyet Politikam\u0131z<\/span><\/span><\/a>\t\t\t<\/div>\n\t\t\t\t\t\t<div class=\"elementor-post-navigation__next elementor-post-navigation__link\">\n\t\t\t\t\t\t\t<\/div>\n\t\t<\/div>\n\t\t\t\t\t\t<\/div>\n\t\t\t\t\t<\/div>\n\t\t\t\t<\/div>\n\t\t\t\t<\/div>\n\t\t","protected":false},"excerpt":{"rendered":"<p>Kurumsal risk y\u00f6netimi; Risk y\u00f6netimi, bir i\u015fletmenin mevcut olan ya da ileride olabilecek olan t\u00fcm risklerini g\u00f6zden ge\u00e7irmek ve \u00f6ncelik ile bunlar\u0131 bir rapor haline olu\u015fturmakt\u0131r. Risklerin bir k\u0131sm\u0131 mevcut \u00f6nlemler al\u0131narak d\u00fczeltilebilir ya da firma taraf\u0131ndan ta\u015f\u0131nabilirken ,baz\u0131 risklerin sigorta poli\u00e7esi ile devrinin\u00a0 sa\u011flanmas\u0131 gerekmektedir. Kurumsal Risk Y\u00f6netimi; Ta\u015f\u0131yamayacak\u00a0risklerin,\u00a0sigorta teminatlar\u0131 vas\u0131tas\u0131yla transfer edilmesidir. Riskleri [&hellip;]<\/p>\n","protected":false},"author":1,"featured_media":0,"parent":0,"menu_order":0,"comment_status":"closed","ping_status":"closed","template":"","meta":{"footnotes":""},"class_list":["post-4721","page","type-page","status-publish","hentry"],"_links":{"self":[{"href":"https:\/\/www.sukruoguzsigorta.com\/index.php\/wp-json\/wp\/v2\/pages\/4721","targetHints":{"allow":["GET"]}}],"collection":[{"href":"https:\/\/www.sukruoguzsigorta.com\/index.php\/wp-json\/wp\/v2\/pages"}],"about":[{"href":"https:\/\/www.sukruoguzsigorta.com\/index.php\/wp-json\/wp\/v2\/types\/page"}],"author":[{"embeddable":true,"href":"https:\/\/www.sukruoguzsigorta.com\/index.php\/wp-json\/wp\/v2\/users\/1"}],"replies":[{"embeddable":true,"href":"https:\/\/www.sukruoguzsigorta.com\/index.php\/wp-json\/wp\/v2\/comments?post=4721"}],"version-history":[{"count":7,"href":"https:\/\/www.sukruoguzsigorta.com\/index.php\/wp-json\/wp\/v2\/pages\/4721\/revisions"}],"predecessor-version":[{"id":4730,"href":"https:\/\/www.sukruoguzsigorta.com\/index.php\/wp-json\/wp\/v2\/pages\/4721\/revisions\/4730"}],"wp:attachment":[{"href":"https:\/\/www.sukruoguzsigorta.com\/index.php\/wp-json\/wp\/v2\/media?parent=4721"}],"curies":[{"name":"wp","href":"https:\/\/api.w.org\/{rel}","templated":true}]}}