{"id":4702,"date":"2025-11-28T00:24:30","date_gmt":"2025-11-27T21:24:30","guid":{"rendered":"http:\/\/www.sukruoguzsigorta.com\/?page_id=4702"},"modified":"2025-11-28T00:49:48","modified_gmt":"2025-11-27T21:49:48","slug":"musteri-memnuniyet-politikamiz","status":"publish","type":"page","link":"https:\/\/www.sukruoguzsigorta.com\/index.php\/musteri-memnuniyet-politikamiz\/","title":{"rendered":"M\u00fc\u015fteri Memnuniyet Politikam\u0131z"},"content":{"rendered":"\t\t<div data-elementor-type=\"wp-page\" data-elementor-id=\"4702\" class=\"elementor elementor-4702\" data-elementor-post-type=\"page\">\n\t\t\t\t<div class=\"elementor-element elementor-element-9cff26f e-flex e-con-boxed e-con e-parent\" data-id=\"9cff26f\" data-element_type=\"container\" data-e-type=\"container\">\n\t\t\t\t\t<div class=\"e-con-inner\">\n\t\t\t\t\t<\/div>\n\t\t\t\t<\/div>\n\t\t<div class=\"elementor-element elementor-element-5f771b98 e-flex e-con-boxed e-con e-parent\" data-id=\"5f771b98\" data-element_type=\"container\" data-e-type=\"container\">\n\t\t\t\t\t<div class=\"e-con-inner\">\n\t\t\t\t<div class=\"elementor-element elementor-element-4a4d7c8e elementor-widget elementor-widget-theme-post-title elementor-page-title elementor-widget-heading\" data-id=\"4a4d7c8e\" data-element_type=\"widget\" data-e-type=\"widget\" data-widget_type=\"theme-post-title.default\">\n\t\t\t\t\t<h1 class=\"elementor-heading-title elementor-size-default\">M\u00fc\u015fteri Memnuniyet Politikam\u0131z<\/h1>\t\t\t\t<\/div>\n\t\t\t\t<div class=\"elementor-element elementor-element-599de1b elementor-widget elementor-widget-text-editor\" data-id=\"599de1b\" data-element_type=\"widget\" data-e-type=\"widget\" data-widget_type=\"text-editor.default\">\n\t\t\t\t\t\t\t\t\t<p data-start=\"307\" data-end=\"944\">M\u00fc\u015fteri memnuniyeti ve ba\u011fl\u0131l\u0131\u011f\u0131n\u0131 en \u00fcst seviyede tutmak i\u00e7in \u015e\u00fckr\u00fc O\u011fuz Sigorta ailesi olarak, sigortaya konu olan t\u00fcm risklerde m\u00fc\u015fterilerimizin ihtiya\u00e7lar\u0131n\u0131 do\u011fru belirlemeyi, i\u015f birli\u011fi i\u00e7inde oldu\u011fumuz sigorta \u015firketlerinin en uygun teminat ve fiyat se\u00e7eneklerini sunmay\u0131 temel ilke edinmi\u015f durumday\u0131z. Sat\u0131\u015f \u00f6ncesi, sat\u0131\u015f an\u0131 ve sat\u0131\u015f sonras\u0131 t\u00fcm s\u00fcre\u00e7lerde m\u00fc\u015fterilerimizin kendilerini <strong data-start=\"702\" data-end=\"726\">\u201cG\u00fcvende ve De\u011ferli\u201d<\/strong> hissetmeleri i\u00e7in \u00e7al\u0131\u015f\u0131r\u0131z. G\u00fcvenilir, g\u00fcler y\u00fczl\u00fc, her zaman m\u00fc\u015fterilerimizin yan\u0131nda olan hizmet anlay\u0131\u015f\u0131m\u0131zla, bulundu\u011fumuz t\u00fcm lokasyonlarda ayn\u0131 kaliteyi sunmak ve i\u015fimizi severek yapmak en temel prensibimizdir.<\/p><p data-start=\"946\" data-end=\"1265\">M\u00fc\u015fterilerimizle y\u00fcksek etkile\u015fimli ve proaktif bir yakla\u015f\u0131m benimser, geli\u015fen ihtiya\u00e7lar\u0131 \u00f6nceden analiz ederek en uygun \u00e7\u00f6z\u00fcmleri geli\u015ftiririz. Yenilik\u00e7i, teknolojik altyap\u0131s\u0131 g\u00fc\u00e7l\u00fc ve g\u00fcvenilir kanal uygulamalar\u0131yla sekt\u00f6rde \u00f6nc\u00fc olmay\u0131 hedefler, m\u00fc\u015fterilerimize \u00f6zel, ki\u015fiselle\u015ftirilmi\u015f ve s\u0131cak deneyimler sunar\u0131z.<\/p><p data-start=\"1267\" data-end=\"1552\">Birlikte \u00e7al\u0131\u015ft\u0131\u011f\u0131m\u0131z i\u015f ortaklar\u0131n\u0131n sigortal\u0131lara sunduklar\u0131 deneyimleri yak\u0131ndan takip eder, m\u00fc\u015fterilerimizin t\u00fcm s\u00fcre\u00e7leri sorunsuz \u015fekilde tamamlamalar\u0131n\u0131 sa\u011flar\u0131z. Katma de\u011fer \u00fcreten, do\u011fru, y\u00f6netilebilir ve kullan\u0131c\u0131 dostu pratik \u00e7\u00f6z\u00fcmler geli\u015ftirmek \u00f6nceliklerimiz aras\u0131ndad\u0131r.<\/p><p data-start=\"1554\" data-end=\"1955\">M\u00fc\u015fterilerimizin kendilerini \u00f6zel hissetmeleri i\u00e7in gerekli t\u00fcm ileti\u015fim ve teknolojik altyap\u0131ya yat\u0131r\u0131m yapar, onlar\u0131 yak\u0131ndan tan\u0131r, ya\u015famlar\u0131ndaki risk alanlar\u0131n\u0131 belirleyerek uygun \u00e7\u00f6z\u00fcmler sunar\u0131z. T\u00fcm bilgi birikimimizi ve uzmanl\u0131\u011f\u0131m\u0131z\u0131 m\u00fc\u015fterilerimiz i\u00e7in s\u00fcrekli fayda yaratmak amac\u0131yla kullan\u0131r\u0131z. M\u00fc\u015fteri memnuniyetini sa\u011flamak i\u00e7in her zaman beklentilerin \u00fczerinde hizmet vermeye \u00e7al\u0131\u015f\u0131r\u0131z.<\/p><p data-start=\"1957\" data-end=\"2337\">Yetkin ve uzman ekibimize m\u00fc\u015fterilerimizin her kanaldan h\u0131zl\u0131 ve kolay \u015fekilde ula\u015fabilmesi i\u00e7in t\u00fcm s\u00fcre\u00e7lerimizi s\u00fcrekli geli\u015ftiririz. M\u00fc\u015fteri bilgilerinin gizlili\u011fini temel ilke kabul eder, g\u00fcvenli bir \u015fekilde koruma alt\u0131nda tutar\u0131z. Talepleri, \u015fik\u00e2yet s\u00fcre\u00e7lerini ve kullan\u0131lan sistemleri d\u00fczenli olarak g\u00f6zden ge\u00e7irir, verimlili\u011fimizi art\u0131rmak amac\u0131yla s\u00fcrekli iyile\u015ftiririz.<\/p><hr data-start=\"2339\" data-end=\"2342\" \/><p data-start=\"2382\" data-end=\"2525\">\u015eik\u00e2yet ve \u00d6neri Kanallar\u0131m\u0131z<\/p><p data-start=\"2382\" data-end=\"2525\">M\u00fc\u015fterilerimiz, sunulan ileti\u015fim kanallar\u0131 \u00fczerinden diledikleri \u015fekilde bizimle ileti\u015fime ge\u00e7erek \u015fik\u00e2yet, talep ve \u00f6nerilerini iletebilirler.<\/p>\t\t\t\t\t\t\t\t<\/div>\n\t\t\t\t<div class=\"elementor-element elementor-element-3823ec41 elementor-widget elementor-widget-heading\" data-id=\"3823ec41\" data-element_type=\"widget\" data-e-type=\"widget\" data-widget_type=\"heading.default\">\n\t\t\t\t\t<span class=\"elementor-heading-title elementor-size-default\">Share the Post:<\/span>\t\t\t\t<\/div>\n\t\t\t\t<div class=\"elementor-element elementor-element-2ec28eac elementor-share-buttons--view-icon elementor-share-buttons--skin-minimal elementor-share-buttons--color-custom elementor-widget__width-inherit elementor-share-buttons--shape-square elementor-grid-0 elementor-widget elementor-widget-share-buttons\" data-id=\"2ec28eac\" data-element_type=\"widget\" data-e-type=\"widget\" data-widget_type=\"share-buttons.default\">\n\t\t\t\t\t\t\t<div class=\"elementor-grid\" role=\"list\">\n\t\t\t\t\t\t\t\t<div class=\"elementor-grid-item\" role=\"listitem\">\n\t\t\t\t\t\t<div class=\"elementor-share-btn elementor-share-btn_facebook\" role=\"button\" tabindex=\"0\" aria-label=\"Share on facebook\">\n\t\t\t\t\t\t\t\t\t\t\t\t\t\t\t<span class=\"elementor-share-btn__icon\">\n\t\t\t\t\t\t\t\t<i class=\"fab fa-facebook\" aria-hidden=\"true\"><\/i>\t\t\t\t\t\t\t<\/span>\n\t\t\t\t\t\t\t\t\t\t\t\t\t\t\t\t\t\t\t\t<\/div>\n\t\t\t\t\t<\/div>\n\t\t\t\t\t\t\t\t\t<div class=\"elementor-grid-item\" role=\"listitem\">\n\t\t\t\t\t\t<div class=\"elementor-share-btn elementor-share-btn_twitter\" role=\"button\" tabindex=\"0\" aria-label=\"Share on twitter\">\n\t\t\t\t\t\t\t\t\t\t\t\t\t\t\t<span class=\"elementor-share-btn__icon\">\n\t\t\t\t\t\t\t\t<i class=\"fab fa-twitter\" aria-hidden=\"true\"><\/i>\t\t\t\t\t\t\t<\/span>\n\t\t\t\t\t\t\t\t\t\t\t\t\t\t\t\t\t\t\t\t<\/div>\n\t\t\t\t\t<\/div>\n\t\t\t\t\t\t\t\t\t<div class=\"elementor-grid-item\" role=\"listitem\">\n\t\t\t\t\t\t<div class=\"elementor-share-btn elementor-share-btn_linkedin\" role=\"button\" tabindex=\"0\" aria-label=\"Share on linkedin\">\n\t\t\t\t\t\t\t\t\t\t\t\t\t\t\t<span class=\"elementor-share-btn__icon\">\n\t\t\t\t\t\t\t\t<i class=\"fab fa-linkedin\" aria-hidden=\"true\"><\/i>\t\t\t\t\t\t\t<\/span>\n\t\t\t\t\t\t\t\t\t\t\t\t\t\t\t\t\t\t\t\t<\/div>\n\t\t\t\t\t<\/div>\n\t\t\t\t\t\t<\/div>\n\t\t\t\t\t\t<\/div>\n\t\t\t\t<div class=\"elementor-element elementor-element-54a0f37e elementor-widget elementor-widget-post-navigation\" data-id=\"54a0f37e\" data-element_type=\"widget\" data-e-type=\"widget\" data-widget_type=\"post-navigation.default\">\n\t\t\t\t\t\t\t<div class=\"elementor-post-navigation\" role=\"navigation\" aria-label=\"Post Navigation\">\n\t\t\t<div class=\"elementor-post-navigation__prev elementor-post-navigation__link\">\n\t\t\t\t<a href=\"https:\/\/www.sukruoguzsigorta.com\/index.php\/sahip-oldugumuz-belge-ve-oduller\/\" rel=\"prev\"><span class=\"post-navigation__arrow-wrapper post-navigation__arrow-prev\"><i aria-hidden=\"true\" class=\"fas fa-angle-left\"><\/i><span class=\"elementor-screen-only\">Prev<\/span><\/span><span class=\"elementor-post-navigation__link__prev\"><span class=\"post-navigation__prev--label\">Previous<\/span><span class=\"post-navigation__prev--title\">Sahip Oldu\u011fumuz Belge ve \u00d6d\u00fcller<\/span><\/span><\/a>\t\t\t<\/div>\n\t\t\t\t\t\t<div class=\"elementor-post-navigation__next elementor-post-navigation__link\">\n\t\t\t\t<a href=\"https:\/\/www.sukruoguzsigorta.com\/index.php\/kurumsal-risk-yonetimi\/\" rel=\"next\"><span class=\"elementor-post-navigation__link__next\"><span class=\"post-navigation__next--label\">Next<\/span><span class=\"post-navigation__next--title\">Kurumsal Risk Y\u00f6netimi<\/span><\/span><span class=\"post-navigation__arrow-wrapper post-navigation__arrow-next\"><i aria-hidden=\"true\" class=\"fas fa-angle-right\"><\/i><span class=\"elementor-screen-only\">Next<\/span><\/span><\/a>\t\t\t<\/div>\n\t\t<\/div>\n\t\t\t\t\t\t<\/div>\n\t\t\t\t\t<\/div>\n\t\t\t\t<\/div>\n\t\t\t\t<\/div>\n\t\t","protected":false},"excerpt":{"rendered":"<p>M\u00fc\u015fteri memnuniyeti ve ba\u011fl\u0131l\u0131\u011f\u0131n\u0131 en \u00fcst seviyede tutmak i\u00e7in \u015e\u00fckr\u00fc O\u011fuz Sigorta ailesi olarak, sigortaya konu olan t\u00fcm risklerde m\u00fc\u015fterilerimizin ihtiya\u00e7lar\u0131n\u0131 do\u011fru belirlemeyi, i\u015f birli\u011fi i\u00e7inde oldu\u011fumuz sigorta \u015firketlerinin en uygun teminat ve fiyat se\u00e7eneklerini sunmay\u0131 temel ilke edinmi\u015f durumday\u0131z. Sat\u0131\u015f \u00f6ncesi, sat\u0131\u015f an\u0131 ve sat\u0131\u015f sonras\u0131 t\u00fcm s\u00fcre\u00e7lerde m\u00fc\u015fterilerimizin kendilerini \u201cG\u00fcvende ve De\u011ferli\u201d hissetmeleri [&hellip;]<\/p>\n","protected":false},"author":1,"featured_media":0,"parent":0,"menu_order":0,"comment_status":"closed","ping_status":"closed","template":"","meta":{"footnotes":""},"class_list":["post-4702","page","type-page","status-publish","hentry"],"_links":{"self":[{"href":"https:\/\/www.sukruoguzsigorta.com\/index.php\/wp-json\/wp\/v2\/pages\/4702","targetHints":{"allow":["GET"]}}],"collection":[{"href":"https:\/\/www.sukruoguzsigorta.com\/index.php\/wp-json\/wp\/v2\/pages"}],"about":[{"href":"https:\/\/www.sukruoguzsigorta.com\/index.php\/wp-json\/wp\/v2\/types\/page"}],"author":[{"embeddable":true,"href":"https:\/\/www.sukruoguzsigorta.com\/index.php\/wp-json\/wp\/v2\/users\/1"}],"replies":[{"embeddable":true,"href":"https:\/\/www.sukruoguzsigorta.com\/index.php\/wp-json\/wp\/v2\/comments?post=4702"}],"version-history":[{"count":5,"href":"https:\/\/www.sukruoguzsigorta.com\/index.php\/wp-json\/wp\/v2\/pages\/4702\/revisions"}],"predecessor-version":[{"id":4720,"href":"https:\/\/www.sukruoguzsigorta.com\/index.php\/wp-json\/wp\/v2\/pages\/4702\/revisions\/4720"}],"wp:attachment":[{"href":"https:\/\/www.sukruoguzsigorta.com\/index.php\/wp-json\/wp\/v2\/media?parent=4702"}],"curies":[{"name":"wp","href":"https:\/\/api.w.org\/{rel}","templated":true}]}}