{"id":3682,"date":"2022-05-08T05:58:44","date_gmt":"2022-05-08T05:58:44","guid":{"rendered":"https:\/\/demo.casethemes.net\/alico\/?page_id=3682"},"modified":"2026-03-16T18:20:15","modified_gmt":"2026-03-16T15:20:15","slug":"bizden-haberler","status":"publish","type":"page","link":"https:\/\/www.sukruoguzsigorta.com\/index.php\/bizden-haberler\/","title":{"rendered":"Bizden Haberler"},"content":{"rendered":"\t\t<div data-elementor-type=\"wp-page\" data-elementor-id=\"3682\" class=\"elementor elementor-3682\" data-elementor-post-type=\"page\">\n\t\t\t\t        <section class=\"elementor-section elementor-top-section elementor-element elementor-element-15fad0c elementor-section-boxed elementor-section-height-default elementor-section-height-default\" data-id=\"15fad0c\" data-element_type=\"section\" data-e-type=\"section\">\n            \n                        <div class=\"elementor-container elementor-column-gap-extended \">\n                    <div class=\"elementor-column elementor-col-100 elementor-top-column elementor-element elementor-element-65c6892\" data-id=\"65c6892\" data-element_type=\"column\" data-e-type=\"column\">\n        <div class=\"elementor-widget-wrap elementor-element-populated\">\n                    \n                <section class=\"elementor-section elementor-inner-section elementor-element elementor-element-a7fe46a elementor-section-content-middle elementor-section-boxed elementor-section-height-default elementor-section-height-default\" data-id=\"a7fe46a\" data-element_type=\"section\" data-e-type=\"section\">\n            \n                        <div class=\"elementor-container elementor-column-gap-extended \">\n                    <div class=\"elementor-column elementor-col-50 elementor-inner-column elementor-element elementor-element-da19732\" data-id=\"da19732\" data-element_type=\"column\" data-e-type=\"column\">\n        <div class=\"elementor-widget-wrap elementor-element-populated\">\n                    \n        \t\t<div class=\"elementor-element elementor-element-a76be5c elementor-widget elementor-widget-ct_heading\" data-id=\"a76be5c\" data-element_type=\"widget\" data-e-type=\"widget\" data-widget_type=\"ct_heading.default\">\n\t\t\t\t<div class=\"elementor-widget-container\">\n\t\t\t\t\t<div class=\"ct-heading ct-heading-default h-align- \" data-wow-duration=\"1.2s\">\r\n\t<div class=\"ct-heading--inner\">\r\n            \t\t<div class=\"item--sub-title style-default\">\r\n                <span>\r\n                       \r\n                    Foto\u011fraf Galerisi                            \r\n                <\/span>\r\n            <\/div>\r\n    \t                <h3 class=\"item--title\">\r\n                        \u00d6d\u00fcl Gecemizden        <\/h3>\r\n    <\/div>\r\n<\/div>\t\t\t\t<\/div>\n\t\t\t\t<\/div>\n\t\t            <\/div>\n        <\/div>\n                <div class=\"elementor-column elementor-col-50 elementor-inner-column elementor-element elementor-element-65ba5fa\" data-id=\"65ba5fa\" data-element_type=\"column\" data-e-type=\"column\">\n        <div class=\"elementor-widget-wrap elementor-element-populated\">\n                    \n        \t\t<div class=\"elementor-element elementor-element-928e0da elementor-widget elementor-widget-ct_text_editor\" data-id=\"928e0da\" data-element_type=\"widget\" data-e-type=\"widget\" data-widget_type=\"ct_text_editor.default\">\n\t\t\t\t<div class=\"elementor-widget-container\">\n\t\t\t\t\t<div id=\"ct_text_editor-928e0da\" class=\"ct-text-editor \">\n\t<div class=\"ct-item--inner\">\n\t\t<div class=\"ct-inline-css\"  data-css=\"\n\t        \">\n\t    <\/div>\n\t\t<div class=\"ct-text-editor elementor-clearfix\"><p>&#8211;<\/p><\/div>\n\t<\/div>\n<\/div>\t\t\t\t<\/div>\n\t\t\t\t<\/div>\n\t\t            <\/div>\n        <\/div>\n                    <\/div>\n        <\/section>\n        \t\t<div class=\"elementor-element elementor-element-97e1637 elementor-widget elementor-widget-ct_gallery_grid\" data-id=\"97e1637\" data-element_type=\"widget\" data-e-type=\"widget\" data-widget_type=\"ct_gallery_grid.default\">\n\t\t\t\t<div class=\"elementor-widget-container\">\n\t\t\t\t\t    <div class=\"ct-grid ct-gallery-grid1\">\r\n        <div class=\"grid-filter-wrap\">\r\n            <span class=\"filter-item active\" data-filter=\"*\">All<\/span>\r\n            \r\n                                                                <\/div>\r\n        <div class=\"ct-grid-inner ct-grid-masonry row animate-time\" data-gutter=\"7\">\r\n                            <div class=\"grid-item col-xl-4 col-lg-4 col-md-6 col-sm-6 col-12 \">\r\n                    <div class=\"item--inner \" data-wow-duration=\"1.2s\">\r\n                    \t                            <div class=\"item--image images-light-box\">\r\n                                <img fetchpriority=\"high\" decoding=\"async\" class=\"no-lazyload \" src=\"https:\/\/www.sukruoguzsigorta.com\/wp-content\/uploads\/2026\/03\/1-600x600.jpg\" width=\"600\" height=\"600\" alt=\"1\" title=\"1\" \/>                                <a class=\"light-box\" href=\"https:\/\/www.sukruoguzsigorta.com\/wp-content\/uploads\/2026\/03\/1.jpg\"><i class=\"zmdi zmdi-search\"><\/i><\/a>\r\n                            <\/div>\r\n                                           <\/div>\r\n                <\/div>\r\n                            <div class=\"grid-item col-xl-4 col-lg-4 col-md-6 col-sm-6 col-12 \">\r\n                    <div class=\"item--inner \" data-wow-duration=\"1.2s\">\r\n                    \t                            <div class=\"item--image images-light-box\">\r\n                                <img decoding=\"async\" class=\"no-lazyload \" src=\"https:\/\/www.sukruoguzsigorta.com\/wp-content\/uploads\/2026\/02\/2685g-600x600.png\" width=\"600\" height=\"600\" alt=\"2685g\" title=\"2685g\" \/>                                <a class=\"light-box\" href=\"https:\/\/www.sukruoguzsigorta.com\/wp-content\/uploads\/2026\/02\/2685g.png\"><i class=\"zmdi zmdi-search\"><\/i><\/a>\r\n                            <\/div>\r\n                                           <\/div>\r\n                <\/div>\r\n                            <div class=\"grid-item col-xl-4 col-lg-4 col-md-6 col-sm-6 col-12 \">\r\n                    <div class=\"item--inner \" data-wow-duration=\"1.2s\">\r\n                    \t                            <div class=\"item--image images-light-box\">\r\n                                <img decoding=\"async\" class=\"no-lazyload \" src=\"https:\/\/www.sukruoguzsigorta.com\/wp-content\/uploads\/2026\/03\/2-600x600.jpg\" width=\"600\" height=\"600\" alt=\"2\" title=\"2\" \/>                                <a class=\"light-box\" href=\"https:\/\/www.sukruoguzsigorta.com\/wp-content\/uploads\/2026\/03\/2.jpg\"><i class=\"zmdi zmdi-search\"><\/i><\/a>\r\n                            <\/div>\r\n                                           <\/div>\r\n                <\/div>\r\n                            <div class=\"grid-item col-xl-4 col-lg-4 col-md-6 col-sm-6 col-12 \">\r\n                    <div class=\"item--inner \" data-wow-duration=\"1.2s\">\r\n                    \t                            <div class=\"item--image images-light-box\">\r\n                                <img loading=\"lazy\" decoding=\"async\" class=\"no-lazyload \" src=\"https:\/\/www.sukruoguzsigorta.com\/wp-content\/uploads\/2026\/03\/4-600x600.jpg\" width=\"600\" height=\"600\" alt=\"4\" title=\"4\" \/>                                <a class=\"light-box\" href=\"https:\/\/www.sukruoguzsigorta.com\/wp-content\/uploads\/2026\/03\/4.jpg\"><i class=\"zmdi zmdi-search\"><\/i><\/a>\r\n                            <\/div>\r\n                                           <\/div>\r\n                <\/div>\r\n                            <div class=\"grid-item col-xl-4 col-lg-4 col-md-6 col-sm-6 col-12 \">\r\n                    <div class=\"item--inner \" data-wow-duration=\"1.2s\">\r\n                    \t                            <div class=\"item--image images-light-box\">\r\n                                <img loading=\"lazy\" decoding=\"async\" class=\"no-lazyload \" src=\"https:\/\/www.sukruoguzsigorta.com\/wp-content\/uploads\/2026\/03\/5-600x600.jpg\" width=\"600\" height=\"600\" alt=\"5\" title=\"5\" \/>                                <a class=\"light-box\" href=\"https:\/\/www.sukruoguzsigorta.com\/wp-content\/uploads\/2026\/03\/5.jpg\"><i class=\"zmdi zmdi-search\"><\/i><\/a>\r\n                            <\/div>\r\n                                           <\/div>\r\n                <\/div>\r\n                            <div class=\"grid-item col-xl-4 col-lg-4 col-md-6 col-sm-6 col-12 \">\r\n                    <div class=\"item--inner \" data-wow-duration=\"1.2s\">\r\n                    \t                            <div class=\"item--image images-light-box\">\r\n                                <img loading=\"lazy\" decoding=\"async\" class=\"no-lazyload \" src=\"https:\/\/www.sukruoguzsigorta.com\/wp-content\/uploads\/2026\/03\/6-600x600.jpg\" width=\"600\" height=\"600\" alt=\"6\" title=\"6\" \/>                                <a class=\"light-box\" href=\"https:\/\/www.sukruoguzsigorta.com\/wp-content\/uploads\/2026\/03\/6.jpg\"><i class=\"zmdi zmdi-search\"><\/i><\/a>\r\n                            <\/div>\r\n                                           <\/div>\r\n                <\/div>\r\n                            <div class=\"grid-item col-xl-4 col-lg-4 col-md-6 col-sm-6 col-12 \">\r\n                    <div class=\"item--inner \" data-wow-duration=\"1.2s\">\r\n                    \t                            <div class=\"item--image images-light-box\">\r\n                                <img loading=\"lazy\" decoding=\"async\" class=\"no-lazyload \" src=\"https:\/\/www.sukruoguzsigorta.com\/wp-content\/uploads\/2026\/03\/7-600x600.jpg\" width=\"600\" height=\"600\" alt=\"7\" title=\"7\" \/>                                <a class=\"light-box\" href=\"https:\/\/www.sukruoguzsigorta.com\/wp-content\/uploads\/2026\/03\/7.jpg\"><i class=\"zmdi zmdi-search\"><\/i><\/a>\r\n                            <\/div>\r\n                                           <\/div>\r\n                <\/div>\r\n                        <div class=\"grid-sizer col-xl-4 col-lg-4 col-md-6 col-sm-6 col-12\"><\/div>\r\n        <\/div>\r\n    <\/div>\r\n\t\t\t\t<\/div>\n\t\t\t\t<\/div>\n\t\t            <\/div>\n        <\/div>\n                    <\/div>\n        <\/section>\n        \t\t<\/div>\n\t\t","protected":false},"excerpt":{"rendered":"<p>Foto\u011fraf Galerisi \u00d6d\u00fcl Gecemizden &#8211; All<\/p>\n","protected":false},"author":1,"featured_media":0,"parent":0,"menu_order":0,"comment_status":"closed","ping_status":"closed","template":"","meta":{"footnotes":""},"class_list":["post-3682","page","type-page","status-publish","hentry"],"_links":{"self":[{"href":"https:\/\/www.sukruoguzsigorta.com\/index.php\/wp-json\/wp\/v2\/pages\/3682","targetHints":{"allow":["GET"]}}],"collection":[{"href":"https:\/\/www.sukruoguzsigorta.com\/index.php\/wp-json\/wp\/v2\/pages"}],"about":[{"href":"https:\/\/www.sukruoguzsigorta.com\/index.php\/wp-json\/wp\/v2\/types\/page"}],"author":[{"embeddable":true,"href":"https:\/\/www.sukruoguzsigorta.com\/index.php\/wp-json\/wp\/v2\/users\/1"}],"replies":[{"embeddable":true,"href":"https:\/\/www.sukruoguzsigorta.com\/index.php\/wp-json\/wp\/v2\/comments?post=3682"}],"version-history":[{"count":4,"href":"https:\/\/www.sukruoguzsigorta.com\/index.php\/wp-json\/wp\/v2\/pages\/3682\/revisions"}],"predecessor-version":[{"id":5097,"href":"https:\/\/www.sukruoguzsigorta.com\/index.php\/wp-json\/wp\/v2\/pages\/3682\/revisions\/5097"}],"wp:attachment":[{"href":"https:\/\/www.sukruoguzsigorta.com\/index.php\/wp-json\/wp\/v2\/media?parent=3682"}],"curies":[{"name":"wp","href":"https:\/\/api.w.org\/{rel}","templated":true}]}}