{"id":208,"date":"2020-03-04T11:24:54","date_gmt":"2020-03-04T11:24:54","guid":{"rendered":"https:\/\/demo.casethemes.net\/alico\/?page_id=208"},"modified":"2026-02-18T20:19:57","modified_gmt":"2026-02-18T17:19:57","slug":"hakkimizda","status":"publish","type":"page","link":"https:\/\/www.sukruoguzsigorta.com\/index.php\/hakkimizda\/","title":{"rendered":"Hakk\u0131m\u0131zda"},"content":{"rendered":"\t\t<div data-elementor-type=\"wp-page\" data-elementor-id=\"208\" class=\"elementor elementor-208\" data-elementor-post-type=\"page\">\n\t\t\t\t        <section class=\"elementor-section elementor-top-section elementor-element elementor-element-8006597 elementor-section-boxed elementor-section-height-default elementor-section-height-default\" data-id=\"8006597\" data-element_type=\"section\" data-e-type=\"section\">\n            \n                        <div class=\"elementor-container elementor-column-gap-extended \">\n                    <div class=\"elementor-column elementor-col-100 elementor-top-column elementor-element elementor-element-2437d68\" data-id=\"2437d68\" data-element_type=\"column\" data-e-type=\"column\">\n        <div class=\"elementor-widget-wrap elementor-element-populated\">\n                    \n        \t\t<div class=\"elementor-element elementor-element-9c349bf elementor-widget elementor-widget-ct_heading\" data-id=\"9c349bf\" data-element_type=\"widget\" data-e-type=\"widget\" data-widget_type=\"ct_heading.default\">\n\t\t\t\t<div class=\"elementor-widget-container\">\n\t\t\t\t\t<div class=\"ct-heading ct-heading-dot h-align-center \" data-wow-duration=\"1.2s\">\r\n\t<div class=\"ct-heading--inner\">\r\n                        <h3 class=\"item--title\">\r\n                            <i class=\"dot-shape\">\r\n                    <i><\/i>\r\n                    <i><\/i>\r\n                    <i><\/i>\r\n                    <i><\/i>\r\n                    <i><\/i>\r\n                    <i><\/i>\r\n                <\/i>\r\n                        Hayat\u0131n\u0131z\u0131n her an\u0131nda <br>\ngelece\u011finize g\u00fcvenle bak\u0131n!        <\/h3>\r\n    <\/div>\r\n<\/div>\t\t\t\t<\/div>\n\t\t\t\t<\/div>\n\t\t\t\t<div class=\"elementor-element elementor-element-fb72c8e elementor-widget elementor-widget-ct_image\" data-id=\"fb72c8e\" data-element_type=\"widget\" data-e-type=\"widget\" data-widget_type=\"ct_image.default\">\n\t\t\t\t<div class=\"elementor-widget-container\">\n\t\t\t\t\t<div class=\"ct-image-single  \" data-wow-duration=\"1.2s\" data-wow-delay=\"ms\">\r\n                        <img fetchpriority=\"high\" decoding=\"async\" width=\"2418\" height=\"286\" src=\"https:\/\/www.sukruoguzsigorta.com\/wp-content\/uploads\/2026\/02\/61323-1.png\" class=\"attachment-full\" alt=\"\" \/>            <\/div>\t\t\t\t<\/div>\n\t\t\t\t<\/div>\n\t\t\t\t<div class=\"elementor-element elementor-element-452de9f elementor-widget elementor-widget-ct_text_editor\" data-id=\"452de9f\" data-element_type=\"widget\" data-e-type=\"widget\" data-widget_type=\"ct_text_editor.default\">\n\t\t\t\t<div class=\"elementor-widget-container\">\n\t\t\t\t\t<div id=\"ct_text_editor-452de9f\" class=\"ct-text-editor \">\n\t<div class=\"ct-item--inner\">\n\t\t<div class=\"ct-inline-css\"  data-css=\"\n\t        \">\n\t    <\/div>\n\t\t<div class=\"ct-text-editor elementor-clearfix\"><p><strong>\u015e\u00fckr\u00fc O\u011fuz Sigorta,<\/strong> 1973 y\u0131l\u0131ndan bu yana sigortac\u0131l\u0131\u011f\u0131 yaln\u0131zca bir poli\u00e7e sat\u0131\u015f\u0131 de\u011fil, g\u00fcven ili\u015fkisi olarak g\u00f6ren bir anlay\u0131\u015fla faaliyet g\u00f6stermektedir. Kurucumuz Mehmet \u015e\u00fckr\u00fc O\u011fuz\u2019un mesle\u011fe ad\u0131m att\u0131\u011f\u0131 ilk g\u00fcnden bu yana benimsedi\u011fi d\u00fcr\u00fcstl\u00fck, \u015feffafl\u0131k ve sorumluluk ilkeleri, bug\u00fcn de kurum k\u00fclt\u00fcr\u00fcm\u00fcz\u00fcn temelini olu\u015fturmaktad\u0131r.<\/p><p>Yar\u0131m asr\u0131 a\u015fan tecr\u00fcbemizle; bireysel ve kurumsal m\u00fc\u015fterilerimizin hayat\u0131na, i\u015fine ve gelece\u011fine g\u00fcvence katmay\u0131 ama\u00e7l\u0131yoruz. Sigortac\u0131l\u0131\u011f\u0131n her a\u015famas\u0131nda do\u011fru analiz, do\u011fru teminat ve do\u011fru y\u00f6nlendirme ilkesini esas alarak; ihtiya\u00e7lara \u00f6zel, s\u00fcrd\u00fcr\u00fclebilir \u00e7\u00f6z\u00fcmler sunuyoruz.<\/p><p>De\u011fi\u015fen d\u00fcnyaya ve geli\u015fen risklere uyum sa\u011flayan dinamik yap\u0131m\u0131zla; gelenekten ald\u0131\u011f\u0131m\u0131z g\u00fcc\u00fc modern sigortac\u0131l\u0131k yakla\u015f\u0131m\u0131yla birle\u015ftiriyoruz. Alan\u0131nda uzman ekibimiz, yaln\u0131zca hasar an\u0131nda de\u011fil, karar verme s\u00fcrecinden poli\u00e7e y\u00f6netimine kadar her ad\u0131mda m\u00fc\u015fterilerimizin yan\u0131ndad\u0131r.<\/p><p>Bug\u00fcn \u015e\u00fckr\u00fc O\u011fuz Sigorta, ge\u00e7mi\u015finden ald\u0131\u011f\u0131 deneyimle gelece\u011fe g\u00fcvenle bakan; insan odakl\u0131, \u00e7\u00f6z\u00fcm \u00fcreten ve uzun soluklu i\u015f birliklerini \u00f6nemseyen bir kurumdur. \u00c7\u00fcnk\u00fc biz, sigortay\u0131 bir s\u00f6zle\u015fmeden \u00f6nce bir sorumluluk olarak g\u00f6r\u00fcr\u00fcz.<\/p><\/div>\n\t<\/div>\n<\/div>\t\t\t\t<\/div>\n\t\t\t\t<\/div>\n\t\t\t\t<div class=\"elementor-element elementor-element-f5cd7c7 elementor-widget elementor-widget-ct_text_editor\" data-id=\"f5cd7c7\" data-element_type=\"widget\" data-e-type=\"widget\" data-widget_type=\"ct_text_editor.default\">\n\t\t\t\t<div class=\"elementor-widget-container\">\n\t\t\t\t\t<div id=\"ct_text_editor-f5cd7c7\" class=\"ct-text-editor \">\n\t<div class=\"ct-item--inner\">\n\t\t<div class=\"ct-inline-css\"  data-css=\"\n\t        \">\n\t    <\/div>\n\t\t<div class=\"ct-text-editor elementor-clearfix\"><p><strong>Vizyonumuz<\/strong><\/p><p>\u015e\u00fckr\u00fc O\u011fuz Sigorta olarak vizyonumuz; sigortac\u0131l\u0131\u011f\u0131 yaln\u0131zca bug\u00fcn\u00fc de\u011fil, gelece\u011fi g\u00fcvence alt\u0131na alan stratejik bir hizmet olarak konumland\u0131ran, m\u00fc\u015fterileriyle uzun soluklu g\u00fcven ili\u015fkileri kuran, sekt\u00f6rde referans g\u00f6sterilen bir sigorta acentesi olmakt\u0131r.<\/p><p>De\u011fi\u015fen riskleri do\u011fru okuyabilen, yenilik\u00e7i \u00e7\u00f6z\u00fcmlerle m\u00fc\u015fterilerine de\u011fer katan ve mesleki etik ilkelerinden \u00f6d\u00fcn vermeden b\u00fcy\u00fcyen bir kurum olmay\u0131 hedefliyoruz.<\/p><p>\u00a0<\/p><p><strong>Misyonumuz<\/strong><\/p><p>Misyonumuz; bireysel ve kurumsal m\u00fc\u015fterilerimizin ihtiya\u00e7lar\u0131n\u0131 do\u011fru analiz ederek, en uygun teminatlar\u0131 en do\u011fru \u015fekilde sunmak; sigortac\u0131l\u0131\u011f\u0131n her a\u015famas\u0131nda \u015feffaf, ula\u015f\u0131labilir ve \u00e7\u00f6z\u00fcm odakl\u0131 bir hizmet anlay\u0131\u015f\u0131yla hareket etmektir.<\/p><p>Hasar \u00f6ncesinden hasar sonras\u0131na kadar t\u00fcm s\u00fcre\u00e7lerde m\u00fc\u015fterilerimizin yan\u0131nda durarak, sigortay\u0131 bir evrak de\u011fil bir g\u00fcven sorumlulu\u011fu olarak ele al\u0131yoruz. Tecr\u00fcbemiz, uzman ekibimiz ve g\u00fc\u00e7l\u00fc i\u015f birliklerimizle s\u00fcrd\u00fcr\u00fclebilir koruma sa\u011flamay\u0131 ama\u00e7l\u0131yoruz.<\/p><\/div>\n\t<\/div>\n<\/div>\t\t\t\t<\/div>\n\t\t\t\t<\/div>\n\t\t            <\/div>\n        <\/div>\n                    <\/div>\n        <\/section>\n                <section class=\"elementor-section elementor-top-section elementor-element elementor-element-df6ce19 elementor-section-stretched elementor-section-boxed elementor-section-height-default elementor-section-height-default\" data-id=\"df6ce19\" data-element_type=\"section\" data-e-type=\"section\" data-settings=\"{&quot;stretch_section&quot;:&quot;section-stretched&quot;,&quot;background_background&quot;:&quot;classic&quot;}\">\n                            <div class=\"elementor-background-overlay\"><\/div>\n                \n                        <div class=\"elementor-container elementor-column-gap-extended \">\n                    <div class=\"elementor-column elementor-col-100 elementor-top-column elementor-element elementor-element-40cb820\" data-id=\"40cb820\" data-element_type=\"column\" data-e-type=\"column\">\n        <div class=\"elementor-widget-wrap elementor-element-populated\">\n                    \n                <section class=\"elementor-section elementor-inner-section elementor-element elementor-element-13c6fd5 elementor-section-content-middle elementor-section-boxed elementor-section-height-default elementor-section-height-default\" data-id=\"13c6fd5\" data-element_type=\"section\" data-e-type=\"section\">\n            \n                        <div class=\"elementor-container elementor-column-gap-extended \">\n                    <div class=\"elementor-column elementor-col-100 elementor-inner-column elementor-element elementor-element-20e7d9b\" data-id=\"20e7d9b\" data-element_type=\"column\" data-e-type=\"column\">\n        <div class=\"elementor-widget-wrap elementor-element-populated\">\n                    \n        \t\t<div class=\"elementor-element elementor-element-0fe6081 elementor-widget elementor-widget-ct_heading\" data-id=\"0fe6081\" data-element_type=\"widget\" data-e-type=\"widget\" data-widget_type=\"ct_heading.default\">\n\t\t\t\t<div class=\"elementor-widget-container\">\n\t\t\t\t\t<div class=\"ct-heading ct-heading-default h-align- \" data-wow-duration=\"1.2s\">\r\n\t<div class=\"ct-heading--inner\">\r\n                        <h2 class=\"item--title\">\r\n                        Yar\u0131m asra bir \u00e7ok ba\u015far\u0131 s\u0131\u011fd\u0131rd\u0131k        <\/h2>\r\n    <\/div>\r\n<\/div>\t\t\t\t<\/div>\n\t\t\t\t<\/div>\n\t\t            <\/div>\n        <\/div>\n                    <\/div>\n        <\/section>\n                    <\/div>\n        <\/div>\n                    <\/div>\n        <\/section>\n        <div class=\"elementor-element elementor-element-6466771 e-flex e-con-boxed e-con e-parent\" data-id=\"6466771\" data-element_type=\"container\" data-e-type=\"container\">\n\t\t\t\t\t<div class=\"e-con-inner\">\n\t\t\t\t<div class=\"elementor-element elementor-element-eb6c014 elementor-widget elementor-widget-spacer\" data-id=\"eb6c014\" data-element_type=\"widget\" data-e-type=\"widget\" data-widget_type=\"spacer.default\">\n\t\t\t\t\t\t\t<div class=\"elementor-spacer\">\n\t\t\t<div class=\"elementor-spacer-inner\"><\/div>\n\t\t<\/div>\n\t\t\t\t\t\t<\/div>\n\t\t\t\t\t<\/div>\n\t\t\t\t<\/div>\n\t\t<div class=\"elementor-element elementor-element-1f156a7 e-flex e-con-boxed e-con e-parent\" data-id=\"1f156a7\" data-element_type=\"container\" data-e-type=\"container\">\n\t\t\t\t\t<div class=\"e-con-inner\">\n\t\t\t\t<div class=\"elementor-element elementor-element-c7f8feb elementor-widget elementor-widget-gallery\" data-id=\"c7f8feb\" data-element_type=\"widget\" data-e-type=\"widget\" data-settings=\"{&quot;columns&quot;:3,&quot;lazyload&quot;:&quot;yes&quot;,&quot;gallery_layout&quot;:&quot;grid&quot;,&quot;columns_tablet&quot;:2,&quot;columns_mobile&quot;:1,&quot;gap&quot;:{&quot;unit&quot;:&quot;px&quot;,&quot;size&quot;:10,&quot;sizes&quot;:[]},&quot;gap_tablet&quot;:{&quot;unit&quot;:&quot;px&quot;,&quot;size&quot;:10,&quot;sizes&quot;:[]},&quot;gap_mobile&quot;:{&quot;unit&quot;:&quot;px&quot;,&quot;size&quot;:10,&quot;sizes&quot;:[]},&quot;link_to&quot;:&quot;file&quot;,&quot;aspect_ratio&quot;:&quot;3:2&quot;,&quot;overlay_background&quot;:&quot;yes&quot;,&quot;content_hover_animation&quot;:&quot;fade-in&quot;}\" data-widget_type=\"gallery.default\">\n\t\t\t\t\t\t\t<div class=\"elementor-gallery__container\">\n\t\t\t\t\t\t\t<a class=\"e-gallery-item elementor-gallery-item elementor-animated-content\" href=\"https:\/\/www.sukruoguzsigorta.com\/wp-content\/uploads\/2026\/02\/Basari-Belgeleri-1.jpg\" data-elementor-open-lightbox=\"yes\" data-elementor-lightbox-slideshow=\"c7f8feb\" data-elementor-lightbox-title=\"Ba\u015far\u0131 Belgeleri (1)\" data-e-action-hash=\"#elementor-action%3Aaction%3Dlightbox%26settings%3DeyJpZCI6NTAxNCwidXJsIjoiaHR0cHM6XC9cL3d3dy5zdWtydW9ndXpzaWdvcnRhLmNvbVwvd3AtY29udGVudFwvdXBsb2Fkc1wvMjAyNlwvMDJcL0Jhc2FyaS1CZWxnZWxlcmktMS5qcGciLCJzbGlkZXNob3ciOiJjN2Y4ZmViIn0%3D\">\n\t\t\t\t\t<div class=\"e-gallery-image elementor-gallery-item__image\" data-thumbnail=\"https:\/\/www.sukruoguzsigorta.com\/wp-content\/uploads\/2026\/02\/Basari-Belgeleri-1-215x300.jpg\" data-width=\"215\" data-height=\"300\" aria-label=\"\" role=\"img\" ><\/div>\n\t\t\t\t\t\t\t\t\t\t\t<div class=\"elementor-gallery-item__overlay\"><\/div>\n\t\t\t\t\t\t\t\t\t\t\t\t\t\t<\/a>\n\t\t\t\t\t\t\t<a class=\"e-gallery-item elementor-gallery-item elementor-animated-content\" href=\"https:\/\/www.sukruoguzsigorta.com\/wp-content\/uploads\/2026\/02\/Basari-Belgeleri-2.jpg\" data-elementor-open-lightbox=\"yes\" data-elementor-lightbox-slideshow=\"c7f8feb\" data-elementor-lightbox-title=\"Ba\u015far\u0131 Belgeleri (2)\" data-e-action-hash=\"#elementor-action%3Aaction%3Dlightbox%26settings%3DeyJpZCI6NTAxNSwidXJsIjoiaHR0cHM6XC9cL3d3dy5zdWtydW9ndXpzaWdvcnRhLmNvbVwvd3AtY29udGVudFwvdXBsb2Fkc1wvMjAyNlwvMDJcL0Jhc2FyaS1CZWxnZWxlcmktMi5qcGciLCJzbGlkZXNob3ciOiJjN2Y4ZmViIn0%3D\">\n\t\t\t\t\t<div class=\"e-gallery-image elementor-gallery-item__image\" data-thumbnail=\"https:\/\/www.sukruoguzsigorta.com\/wp-content\/uploads\/2026\/02\/Basari-Belgeleri-2-300x227.jpg\" data-width=\"300\" data-height=\"227\" aria-label=\"\" role=\"img\" ><\/div>\n\t\t\t\t\t\t\t\t\t\t\t<div class=\"elementor-gallery-item__overlay\"><\/div>\n\t\t\t\t\t\t\t\t\t\t\t\t\t\t<\/a>\n\t\t\t\t\t\t\t<a class=\"e-gallery-item elementor-gallery-item elementor-animated-content\" href=\"https:\/\/www.sukruoguzsigorta.com\/wp-content\/uploads\/2026\/02\/Basari-Belgeleri-3.jpg\" data-elementor-open-lightbox=\"yes\" data-elementor-lightbox-slideshow=\"c7f8feb\" data-elementor-lightbox-title=\"Ba\u015far\u0131 Belgeleri (3)\" data-e-action-hash=\"#elementor-action%3Aaction%3Dlightbox%26settings%3DeyJpZCI6NTAxNiwidXJsIjoiaHR0cHM6XC9cL3d3dy5zdWtydW9ndXpzaWdvcnRhLmNvbVwvd3AtY29udGVudFwvdXBsb2Fkc1wvMjAyNlwvMDJcL0Jhc2FyaS1CZWxnZWxlcmktMy5qcGciLCJzbGlkZXNob3ciOiJjN2Y4ZmViIn0%3D\">\n\t\t\t\t\t<div class=\"e-gallery-image elementor-gallery-item__image\" data-thumbnail=\"https:\/\/www.sukruoguzsigorta.com\/wp-content\/uploads\/2026\/02\/Basari-Belgeleri-3-300x227.jpg\" data-width=\"300\" data-height=\"227\" aria-label=\"\" role=\"img\" ><\/div>\n\t\t\t\t\t\t\t\t\t\t\t<div class=\"elementor-gallery-item__overlay\"><\/div>\n\t\t\t\t\t\t\t\t\t\t\t\t\t\t<\/a>\n\t\t\t\t\t\t\t<a class=\"e-gallery-item elementor-gallery-item elementor-animated-content\" href=\"https:\/\/www.sukruoguzsigorta.com\/wp-content\/uploads\/2026\/02\/Basari-Belgeleri-4.jpg\" data-elementor-open-lightbox=\"yes\" data-elementor-lightbox-slideshow=\"c7f8feb\" data-elementor-lightbox-title=\"Ba\u015far\u0131 Belgeleri (4)\" data-e-action-hash=\"#elementor-action%3Aaction%3Dlightbox%26settings%3DeyJpZCI6NTAxNywidXJsIjoiaHR0cHM6XC9cL3d3dy5zdWtydW9ndXpzaWdvcnRhLmNvbVwvd3AtY29udGVudFwvdXBsb2Fkc1wvMjAyNlwvMDJcL0Jhc2FyaS1CZWxnZWxlcmktNC5qcGciLCJzbGlkZXNob3ciOiJjN2Y4ZmViIn0%3D\">\n\t\t\t\t\t<div class=\"e-gallery-image elementor-gallery-item__image\" data-thumbnail=\"https:\/\/www.sukruoguzsigorta.com\/wp-content\/uploads\/2026\/02\/Basari-Belgeleri-4-300x227.jpg\" data-width=\"300\" data-height=\"227\" aria-label=\"\" role=\"img\" ><\/div>\n\t\t\t\t\t\t\t\t\t\t\t<div class=\"elementor-gallery-item__overlay\"><\/div>\n\t\t\t\t\t\t\t\t\t\t\t\t\t\t<\/a>\n\t\t\t\t\t\t\t<a class=\"e-gallery-item elementor-gallery-item elementor-animated-content\" href=\"https:\/\/www.sukruoguzsigorta.com\/wp-content\/uploads\/2026\/02\/Basari-Belgeleri-5.jpg\" data-elementor-open-lightbox=\"yes\" data-elementor-lightbox-slideshow=\"c7f8feb\" data-elementor-lightbox-title=\"Ba\u015far\u0131 Belgeleri (5)\" data-e-action-hash=\"#elementor-action%3Aaction%3Dlightbox%26settings%3DeyJpZCI6NTAxOCwidXJsIjoiaHR0cHM6XC9cL3d3dy5zdWtydW9ndXpzaWdvcnRhLmNvbVwvd3AtY29udGVudFwvdXBsb2Fkc1wvMjAyNlwvMDJcL0Jhc2FyaS1CZWxnZWxlcmktNS5qcGciLCJzbGlkZXNob3ciOiJjN2Y4ZmViIn0%3D\">\n\t\t\t\t\t<div class=\"e-gallery-image elementor-gallery-item__image\" data-thumbnail=\"https:\/\/www.sukruoguzsigorta.com\/wp-content\/uploads\/2026\/02\/Basari-Belgeleri-5-300x227.jpg\" data-width=\"300\" data-height=\"227\" aria-label=\"\" role=\"img\" ><\/div>\n\t\t\t\t\t\t\t\t\t\t\t<div class=\"elementor-gallery-item__overlay\"><\/div>\n\t\t\t\t\t\t\t\t\t\t\t\t\t\t<\/a>\n\t\t\t\t\t\t\t<a class=\"e-gallery-item elementor-gallery-item elementor-animated-content\" href=\"https:\/\/www.sukruoguzsigorta.com\/wp-content\/uploads\/2026\/02\/Basari-Belgeleri-6.jpg\" data-elementor-open-lightbox=\"yes\" data-elementor-lightbox-slideshow=\"c7f8feb\" data-elementor-lightbox-title=\"Ba\u015far\u0131 Belgeleri (6)\" data-e-action-hash=\"#elementor-action%3Aaction%3Dlightbox%26settings%3DeyJpZCI6NTAxOSwidXJsIjoiaHR0cHM6XC9cL3d3dy5zdWtydW9ndXpzaWdvcnRhLmNvbVwvd3AtY29udGVudFwvdXBsb2Fkc1wvMjAyNlwvMDJcL0Jhc2FyaS1CZWxnZWxlcmktNi5qcGciLCJzbGlkZXNob3ciOiJjN2Y4ZmViIn0%3D\">\n\t\t\t\t\t<div class=\"e-gallery-image elementor-gallery-item__image\" data-thumbnail=\"https:\/\/www.sukruoguzsigorta.com\/wp-content\/uploads\/2026\/02\/Basari-Belgeleri-6-300x227.jpg\" data-width=\"300\" data-height=\"227\" aria-label=\"\" role=\"img\" ><\/div>\n\t\t\t\t\t\t\t\t\t\t\t<div class=\"elementor-gallery-item__overlay\"><\/div>\n\t\t\t\t\t\t\t\t\t\t\t\t\t\t<\/a>\n\t\t\t\t\t\t\t<a class=\"e-gallery-item elementor-gallery-item elementor-animated-content\" href=\"https:\/\/www.sukruoguzsigorta.com\/wp-content\/uploads\/2026\/02\/Tesekkur-1.jpg\" data-elementor-open-lightbox=\"yes\" data-elementor-lightbox-slideshow=\"c7f8feb\" data-elementor-lightbox-title=\"Te\u015fekk\u00fcr (1)\" data-e-action-hash=\"#elementor-action%3Aaction%3Dlightbox%26settings%3DeyJpZCI6NTAyMCwidXJsIjoiaHR0cHM6XC9cL3d3dy5zdWtydW9ndXpzaWdvcnRhLmNvbVwvd3AtY29udGVudFwvdXBsb2Fkc1wvMjAyNlwvMDJcL1Rlc2Vra3VyLTEuanBnIiwic2xpZGVzaG93IjoiYzdmOGZlYiJ9\">\n\t\t\t\t\t<div class=\"e-gallery-image elementor-gallery-item__image\" data-thumbnail=\"https:\/\/www.sukruoguzsigorta.com\/wp-content\/uploads\/2026\/02\/Tesekkur-1-215x300.jpg\" data-width=\"215\" data-height=\"300\" aria-label=\"\" role=\"img\" ><\/div>\n\t\t\t\t\t\t\t\t\t\t\t<div class=\"elementor-gallery-item__overlay\"><\/div>\n\t\t\t\t\t\t\t\t\t\t\t\t\t\t<\/a>\n\t\t\t\t\t\t\t<a class=\"e-gallery-item elementor-gallery-item elementor-animated-content\" href=\"https:\/\/www.sukruoguzsigorta.com\/wp-content\/uploads\/2026\/02\/Tesekkur-2.jpg\" data-elementor-open-lightbox=\"yes\" data-elementor-lightbox-slideshow=\"c7f8feb\" data-elementor-lightbox-title=\"Te\u015fekk\u00fcr (2)\" data-e-action-hash=\"#elementor-action%3Aaction%3Dlightbox%26settings%3DeyJpZCI6NTAyMSwidXJsIjoiaHR0cHM6XC9cL3d3dy5zdWtydW9ndXpzaWdvcnRhLmNvbVwvd3AtY29udGVudFwvdXBsb2Fkc1wvMjAyNlwvMDJcL1Rlc2Vra3VyLTIuanBnIiwic2xpZGVzaG93IjoiYzdmOGZlYiJ9\">\n\t\t\t\t\t<div class=\"e-gallery-image elementor-gallery-item__image\" data-thumbnail=\"https:\/\/www.sukruoguzsigorta.com\/wp-content\/uploads\/2026\/02\/Tesekkur-2-215x300.jpg\" data-width=\"215\" data-height=\"300\" aria-label=\"\" role=\"img\" ><\/div>\n\t\t\t\t\t\t\t\t\t\t\t<div class=\"elementor-gallery-item__overlay\"><\/div>\n\t\t\t\t\t\t\t\t\t\t\t\t\t\t<\/a>\n\t\t\t\t\t\t\t<a class=\"e-gallery-item elementor-gallery-item elementor-animated-content\" href=\"https:\/\/www.sukruoguzsigorta.com\/wp-content\/uploads\/2026\/02\/Tesekkur-3.jpg\" data-elementor-open-lightbox=\"yes\" data-elementor-lightbox-slideshow=\"c7f8feb\" data-elementor-lightbox-title=\"Te\u015fekk\u00fcr (3)\" data-e-action-hash=\"#elementor-action%3Aaction%3Dlightbox%26settings%3DeyJpZCI6NTAyMiwidXJsIjoiaHR0cHM6XC9cL3d3dy5zdWtydW9ndXpzaWdvcnRhLmNvbVwvd3AtY29udGVudFwvdXBsb2Fkc1wvMjAyNlwvMDJcL1Rlc2Vra3VyLTMuanBnIiwic2xpZGVzaG93IjoiYzdmOGZlYiJ9\">\n\t\t\t\t\t<div class=\"e-gallery-image elementor-gallery-item__image\" data-thumbnail=\"https:\/\/www.sukruoguzsigorta.com\/wp-content\/uploads\/2026\/02\/Tesekkur-3-215x300.jpg\" data-width=\"215\" data-height=\"300\" aria-label=\"\" role=\"img\" ><\/div>\n\t\t\t\t\t\t\t\t\t\t\t<div class=\"elementor-gallery-item__overlay\"><\/div>\n\t\t\t\t\t\t\t\t\t\t\t\t\t\t<\/a>\n\t\t\t\t\t<\/div>\n\t\t\t\t\t<\/div>\n\t\t\t\t\t<\/div>\n\t\t\t\t<\/div>\n\t\t\t\t<\/div>\n\t\t","protected":false},"excerpt":{"rendered":"<p>Hayat\u0131n\u0131z\u0131n her an\u0131nda gelece\u011finize g\u00fcvenle bak\u0131n! \u015e\u00fckr\u00fc O\u011fuz Sigorta, 1973 y\u0131l\u0131ndan bu yana sigortac\u0131l\u0131\u011f\u0131 yaln\u0131zca bir poli\u00e7e sat\u0131\u015f\u0131 de\u011fil, g\u00fcven ili\u015fkisi olarak g\u00f6ren bir anlay\u0131\u015fla faaliyet g\u00f6stermektedir. Kurucumuz Mehmet \u015e\u00fckr\u00fc O\u011fuz\u2019un mesle\u011fe ad\u0131m att\u0131\u011f\u0131 ilk g\u00fcnden bu yana benimsedi\u011fi d\u00fcr\u00fcstl\u00fck, \u015feffafl\u0131k ve sorumluluk ilkeleri, bug\u00fcn de kurum k\u00fclt\u00fcr\u00fcm\u00fcz\u00fcn temelini olu\u015fturmaktad\u0131r. Yar\u0131m asr\u0131 a\u015fan tecr\u00fcbemizle; bireysel [&hellip;]<\/p>\n","protected":false},"author":1,"featured_media":0,"parent":0,"menu_order":0,"comment_status":"closed","ping_status":"closed","template":"","meta":{"footnotes":""},"class_list":["post-208","page","type-page","status-publish","hentry"],"_links":{"self":[{"href":"https:\/\/www.sukruoguzsigorta.com\/index.php\/wp-json\/wp\/v2\/pages\/208","targetHints":{"allow":["GET"]}}],"collection":[{"href":"https:\/\/www.sukruoguzsigorta.com\/index.php\/wp-json\/wp\/v2\/pages"}],"about":[{"href":"https:\/\/www.sukruoguzsigorta.com\/index.php\/wp-json\/wp\/v2\/types\/page"}],"author":[{"embeddable":true,"href":"https:\/\/www.sukruoguzsigorta.com\/index.php\/wp-json\/wp\/v2\/users\/1"}],"replies":[{"embeddable":true,"href":"https:\/\/www.sukruoguzsigorta.com\/index.php\/wp-json\/wp\/v2\/comments?post=208"}],"version-history":[{"count":16,"href":"https:\/\/www.sukruoguzsigorta.com\/index.php\/wp-json\/wp\/v2\/pages\/208\/revisions"}],"predecessor-version":[{"id":5032,"href":"https:\/\/www.sukruoguzsigorta.com\/index.php\/wp-json\/wp\/v2\/pages\/208\/revisions\/5032"}],"wp:attachment":[{"href":"https:\/\/www.sukruoguzsigorta.com\/index.php\/wp-json\/wp\/v2\/media?parent=208"}],"curies":[{"name":"wp","href":"https:\/\/api.w.org\/{rel}","templated":true}]}}